{"id":3154,"date":"2023-02-06T13:15:03","date_gmt":"2023-02-06T11:15:03","guid":{"rendered":"http:\/\/kidshockey.lv\/?page_id=3154"},"modified":"2023-02-06T13:15:19","modified_gmt":"2023-02-06T11:15:19","slug":"kidshockey-lv-filozofija","status":"publish","type":"page","link":"https:\/\/kidshockey.lv\/?page_id=3154&lang=lv","title":{"rendered":"Kidshockey.lv filozofija"},"content":{"rendered":"\n<p>M\u016bsu skola past\u0101v vair\u0101k k\u0101 10 gadus un ar katru gadu m\u0113s augam, att\u012bstamies, k\u013c\u016bstam lab\u0101ki un<br>aiz\u0146emam p\u0101rliecino\u0161as poz\u012bcijas b\u0113rnu hokeja att\u012bst\u012bb\u0101 Latvij\u0101.<br><br><strong>M\u0113s str\u0101d\u0101jam tr\u012bs virzienos:<\/strong><br>1. Individu\u0101li un grupu treni\u0146i<br>2. Starptautiskie turn\u012bri \u201cKidshockey\u201d komand\u0101<br>3. Nometnes un meistarklases<\/p>\n\n\n\n<p>Musu treneri ir gatavi pareizi izskaidrot un iem\u0101c\u012bt hokejistam da\u017e\u0101dus tehniskos elementus, \u0146emot v\u0113r\u0101<br>b\u0113rna vecumu un sagatavo\u0161an\u0101s l\u012bmeni. M\u016bsu treneri sp\u0113j komunic\u0113t tr\u012bs valod\u0101s \u2013 latvie\u0161u, krievu un<br>ang\u013cu. Nodarb\u012bbas uz ledus tiek pavad\u012btas augsti kvalific\u0113tu treneru vad\u012bb\u0101, kuri pag\u0101tn\u0113 bija profesion\u0101li<br>hokeja sp\u0113l\u0113t\u0101ji un \u0161odien vi\u0146iem ir liela treneru pieredze darb\u0101 ar b\u0113rniem.<\/p>\n\n\n\n<p><strong>Kidshockey.lv galvenie m\u0113r\u0137i:<\/strong><br>&#8212; Vieglo un gr\u016bto slido\u0161anas elementu apm\u0101c\u012bba<br>&#8212; N\u016bjas un ripas vad\u012b\u0161anas tehnikas apm\u0101c\u012bba<br>&#8212; Visp\u0101r\u0113j\u0101 un speci\u0101l\u0101 fizisk\u0101 sagatavot\u012bba<br>&#8212; Tehnisko elementu uzlabo\u0161ana<br>&#8212; Sp\u0113\u013cu dom\u0101\u0161anas att\u012bst\u012bba<br>&#8212; C\u012b\u0146asspara, str\u0101d\u012bguma un pa\u0161discipl\u012bnas ieaudzin\u0101\u0161ana<br>&#8212; M\u012blest\u012bba pret sportu un vesel\u012bgu dz\u012bvesveidu<\/p>\n","protected":false},"excerpt":{"rendered":"<p>M\u016bsu skola past\u0101v vair\u0101k k\u0101 10 gadus un ar katru gadu m\u0113s augam, att\u012bstamies, k\u013c\u016bstam lab\u0101ki unaiz\u0146emam p\u0101rliecino\u0161as poz\u012bcijas b\u0113rnu hokeja att\u012bst\u012bb\u0101 Latvij\u0101. M\u0113s str\u0101d\u0101jam tr\u012bs virzienos:1. Individu\u0101li un grupu treni\u0146i2. Starptautiskie turn\u012bri \u201cKidshockey\u201d komand\u01013. Nometnes un meistarklases Musu treneri ir gatavi pareizi izskaidrot un iem\u0101c\u012bt hokejistam da\u017e\u0101dus tehniskos elementus, \u0146emot v\u0113r\u0101b\u0113rna vecumu un sagatavo\u0161an\u0101s [&hellip;]<\/p>\n","protected":false},"author":1,"featured_media":0,"parent":0,"menu_order":0,"comment_status":"closed","ping_status":"closed","template":"","meta":{"footnotes":""},"class_list":["post-3154","page","type-page","status-publish","hentry"],"_links":{"self":[{"href":"https:\/\/kidshockey.lv\/index.php?rest_route=\/wp\/v2\/pages\/3154","targetHints":{"allow":["GET"]}}],"collection":[{"href":"https:\/\/kidshockey.lv\/index.php?rest_route=\/wp\/v2\/pages"}],"about":[{"href":"https:\/\/kidshockey.lv\/index.php?rest_route=\/wp\/v2\/types\/page"}],"author":[{"embeddable":true,"href":"https:\/\/kidshockey.lv\/index.php?rest_route=\/wp\/v2\/users\/1"}],"replies":[{"embeddable":true,"href":"https:\/\/kidshockey.lv\/index.php?rest_route=%2Fwp%2Fv2%2Fcomments&post=3154"}],"version-history":[{"count":2,"href":"https:\/\/kidshockey.lv\/index.php?rest_route=\/wp\/v2\/pages\/3154\/revisions"}],"predecessor-version":[{"id":3156,"href":"https:\/\/kidshockey.lv\/index.php?rest_route=\/wp\/v2\/pages\/3154\/revisions\/3156"}],"wp:attachment":[{"href":"https:\/\/kidshockey.lv\/index.php?rest_route=%2Fwp%2Fv2%2Fmedia&parent=3154"}],"curies":[{"name":"wp","href":"https:\/\/api.w.org\/{rel}","templated":true}]}}