{"id":3157,"date":"2023-02-06T13:51:53","date_gmt":"2023-02-06T11:51:53","guid":{"rendered":"http:\/\/kidshockey.lv\/?page_id=3157"},"modified":"2026-04-13T14:28:00","modified_gmt":"2026-04-13T12:28:00","slug":"treneri","status":"publish","type":"page","link":"https:\/\/kidshockey.lv\/?page_id=3157&lang=lv","title":{"rendered":"Treneri"},"content":{"rendered":"\n<div class=\"row no-gutters\">\n    <div class=\"col-md-3\">\n      <img decoding=\"async\" data-src=\"http:\/\/kidshockey.lv\/wp-content\/uploads\/2019\/12\/EduardsDilevka.jpg\" class=\"card-img lazyload\" alt=\"...\" src=\"data:image\/svg+xml;base64,PHN2ZyB3aWR0aD0iMSIgaGVpZ2h0PSIxIiB4bWxucz0iaHR0cDovL3d3dy53My5vcmcvMjAwMC9zdmciPjwvc3ZnPg==\">\n    <\/div>\n    <div class=\"col-md-8\">\n      <div class=\"card-body\">\n        <h3 class=\"card-title\">Eduards Di\u013cevka<\/h4>\n        <p class=\"card-text\"><small class=\"text-muted\">Organizators un vec\u0101kais Kidshockey.lv treneris<\/small><\/p>\n        <p class=\"card-text\"><p>Augst\u0101k\u0101 pedago\u0123isk\u0101 izgl\u012bt\u012bba, hokeja skolas &#171;Latvijas B\u0113rzs&#187; un &#171;Dinamo R\u012bga&#187; audz\u0113knis. Trenera pieredze &#8212; 21 gads.\nB\u0113rnu komandu galvenais treneris: S\u0101ga-97, R\u012bga-2006, R\u012bga-2010, R\u012bga-2014.\nSe\u0161k\u0101rt\u0113js Latvijas \u010dempions grup\u0101s U9, U11, U12, U13.<\/p>\n \nAudz\u0113k\u0146i: Kristaps Z\u012ble, M\u0101rti\u0146\u0161 Dzierkals, Daniels B\u0113rzi\u0146\u0161. Latvijas izlases sp\u0113l\u0113t\u0101ji.\n<p class=\"card-text\">Specializ\u0101cija: Treneris b\u0113rniem vecum\u0101 no 5 l\u012bdz 12 gadiem.<\/p><\/p>\n      <\/div>\n    <\/div>\n  <\/div>\n<hr>\n\n\n\n<div class=\"row no-gutters\">\n    <div class=\"col-md-3\">\n      <img decoding=\"async\" data-src=\"http:\/\/kidshockey.lv\/wp-content\/uploads\/2020\/02\/raivo2.jpg\" class=\"card-img lazyload\" alt=\"...\" src=\"data:image\/svg+xml;base64,PHN2ZyB3aWR0aD0iMSIgaGVpZ2h0PSIxIiB4bWxucz0iaHR0cDovL3d3dy53My5vcmcvMjAwMC9zdmciPjwvc3ZnPg==\">\n    <\/div>\n    <div class=\"col-md-8\">\n      <div class=\"card-body\">\n        <h3 class=\"card-title\">Raivo \u0160trauss<\/h4>\n        <p class=\"card-text\"><small class=\"text-muted\">Kidshockey.lv sporta organizators, mened\u017eeris<\/small><\/p>\n        <p class=\"card-text\"><p>7 gadu darba pieredze.<\/p>\n      <\/div>\n    <\/div>\n  <\/div>\n<hr>\n\n\n\n<div class=\"row no-gutters\">\n    <div class=\"col-md-3\">\n      <img decoding=\"async\" data-src=\"http:\/\/kidshockey.lv\/wp-content\/uploads\/2024\/10\/IMG_5040.jpg\" class=\"card-img lazyload\" alt=\"...\" src=\"data:image\/svg+xml;base64,PHN2ZyB3aWR0aD0iMSIgaGVpZ2h0PSIxIiB4bWxucz0iaHR0cDovL3d3dy53My5vcmcvMjAwMC9zdmciPjwvc3ZnPg==\">\n    <\/div>\n    <div class=\"col-md-8\">\n      <div class=\"card-body\">\n        <h3 class=\"card-title\">Daniils Ignatjevs<\/h4>\n        <p class=\"card-text\"><small class=\"text-muted\">Slido\u0161anas tehnikas treneris<\/small><\/p>\n        <p class=\"card-text\"><p>Augst\u0101k\u0101 pedago\u0123isk\u0101 izgl\u012bt\u012bba. Ikgad\u0113jais Kidshockey.lv vasaras treni\u0146nometnes dal\u012bbnieks-treneris.\n<br>Darba pieredze hokeja jom\u0101 \u2013 19 gadi. Slido\u0161anas pamatelementu apm\u0101c\u012bbas un pilnveido\u0161anas speci\u0101lists gan\nb\u0113rniem, gan U18 un U20 sp\u0113l\u0113t\u0101jiem.<\/p>\n<p class=\"card-text\"><\/p>\n      <\/div>\n    <\/div>\n  <\/div>\n<hr>\n\n\n\n<div class=\"row no-gutters\">\n    <div class=\"col-md-3\">\n      <img decoding=\"async\" data-src=\"http:\/\/kidshockey.lv\/wp-content\/uploads\/2019\/12\/IgorSmirnov.jpg\" class=\"card-img lazyload\" alt=\"...\" src=\"data:image\/svg+xml;base64,PHN2ZyB3aWR0aD0iMSIgaGVpZ2h0PSIxIiB4bWxucz0iaHR0cDovL3d3dy53My5vcmcvMjAwMC9zdmciPjwvc3ZnPg==\">\n    <\/div>\n    <div class=\"col-md-8\">\n      <div class=\"card-body\">\n        <h3 class=\"card-title\">Igors Smirnovs<\/h4>\n        <p class=\"card-text\"><small class=\"text-muted\">Augst\u0101k\u0101s kategorijas treneris<\/small><\/p>\n        <p class=\"card-text\"><p>Augst\u0101k\u0101 pedago\u0123isk\u0101 izgl\u012bt\u012bba, hokeja skolas \u201cDinamo R\u012bga\u201d absolvents. Trenera darba pieredze \u2013 30 gadi. <br>Galvenais treneris un Latvijas augst\u0101k\u0101s l\u012bgas \u010dempions HK Mogo, Latvijas U20 junioru izlases galvenais treneris.<\/p>\n \nBiju\u0161ie audz\u0113k\u0146i: Deniss Smirnovs (\u017den\u0113va \u2013 Servette), Em\u012bls \u0122\u0113\u0123eris (Dinamo R\u012bga) \u2013 Latvijas izlases\nsp\u0113l\u0113t\u0101ji.\n<p>Specializ\u0101cija: n\u016bjas, piesp\u0113\u013cu un metienu tehnikas treneris.<\/p><\/p>\n      <\/div>\n    <\/div>\n  <\/div>\n<hr>\n\n\n\n<div class=\"row no-gutters\">\n    <div class=\"col-md-3\">\n      <img decoding=\"async\" data-src=\"http:\/\/kidshockey.lv\/wp-content\/uploads\/2019\/12\/AndrejIgnatovic.jpg\" class=\"card-img lazyload\" alt=\"...\" src=\"data:image\/svg+xml;base64,PHN2ZyB3aWR0aD0iMSIgaGVpZ2h0PSIxIiB4bWxucz0iaHR0cDovL3d3dy53My5vcmcvMjAwMC9zdmciPjwvc3ZnPg==\">\n    <\/div>\n    <div class=\"col-md-8\">\n      <div class=\"card-body\">\n        <h3 class=\"card-title\">Andrejs Ignatovi\u010ds<\/h4>\n        <p class=\"card-text\"><small class=\"text-muted\">Augst\u0101k\u0101s kategorijas treneris<\/small><\/p>\n        <p class=\"card-text\"><p>Vair\u0101kk\u0101rt\u0113js pasaules \u010dempion\u0101tu dal\u012bbnieks Latvijas izlases sast\u0101v\u0101. Trenera darba pieredze \u2013 10 gadi. <br>Latvijas \u010dempion\u0101ta augst\u0101k\u0101s l\u012bgas HK &quot;Kurbads&quot; galvenais treneris, Latvijas U16, U17, U18 jaunie\u0161u izla\u0161u pal\u012bgs.<\/p>\n \nBiju\u0161ie audz\u0113k\u0146i: Oskars Bat\u0146a, Frenks Razgals \u2013 \u201cDinamo R\u012bga\u201d sp\u0113l\u0113t\u0101ji. J\u0101nis Jaks, Rihards Bukarts &#8212;\nLatvijas izlases kandid\u0101ti un sp\u0113l\u0113t\u0101ji.\n<p>Specializ\u0101cija: n\u016bjas, piesp\u0113\u013cu un metienu tehnikas treneris.<\/p><\/p>\n      <\/div>\n    <\/div>\n  <\/div>\n<hr>\n\n\n\n<div class=\"row no-gutters\">\n    <div class=\"col-md-3\">\n      <img decoding=\"async\" data-src=\"http:\/\/kidshockey.lv\/wp-content\/uploads\/2020\/02\/IMG_9159.jpg\" class=\"card-img lazyload\" alt=\"...\" src=\"data:image\/svg+xml;base64,PHN2ZyB3aWR0aD0iMSIgaGVpZ2h0PSIxIiB4bWxucz0iaHR0cDovL3d3dy53My5vcmcvMjAwMC9zdmciPjwvc3ZnPg==\">\n    <\/div>\n    <div class=\"col-md-8\">\n      <div class=\"card-body\">\n        <h3 class=\"card-title\">Edgars Adamovi\u010ds<\/h4>\n        <p class=\"card-text\"><small class=\"text-muted\">Vec\u0101ka vecuma Kidshockey.lv Select treneris<\/small><\/p>\n        <p class=\"card-text\"><p><\/p>\n      <\/div>\n    <\/div>\n  <\/div>\n<hr>\n\n\n\n<div class=\"row no-gutters\">\n    <div class=\"col-md-3\">\n      <img decoding=\"async\" data-src=\"http:\/\/kidshockey.lv\/wp-content\/uploads\/2020\/01\/0RK6155-scaled.jpg\" class=\"card-img lazyload\" alt=\"...\" src=\"data:image\/svg+xml;base64,PHN2ZyB3aWR0aD0iMSIgaGVpZ2h0PSIxIiB4bWxucz0iaHR0cDovL3d3dy53My5vcmcvMjAwMC9zdmciPjwvc3ZnPg==\">\n    <\/div>\n    <div class=\"col-md-8\">\n      <div class=\"card-body\">\n        <h3 class=\"card-title\">Vadims Deht\u0113vi\u010ds<\/h4>\n        <p class=\"card-text\"><small class=\"text-muted\">S\u0101kotn\u0113j\u0101s apm\u0101c\u012bbas treneris, Kidshockey.lv Select junioru treneris<\/small><\/p>\n        <p class=\"card-text\"><p>Licenz\u0113ts hokeja treneris b\u0113rniem vecum\u0101 no 4 l\u012bdz 7 gadiem. <br>Stiep\u0161an\u0101s treneris (apm\u0101c\u012bbas p\u0113c \u201cFunkcion\u0101ls, fascion\u0101ls treni\u0146\u0161\u201d programmas) <br>Ekip\u0113juma konsultants ies\u0101c\u0113jiem. <br>Darba pieredze \u2013 3 gadi.<\/p>\n \nMened\u017eeris\/Treneris Kidshockey Select.\n<\/p>\n      <\/div>\n    <\/div>\n  <\/div>\n<hr>\n\n\n\n<div class=\"row no-gutters\">\n    <div class=\"col-md-3\">\n      <img decoding=\"async\" data-src=\"http:\/\/kidshockey.lv\/wp-content\/uploads\/2020\/02\/DSC0383.jpg\" class=\"card-img lazyload\" alt=\"...\" src=\"data:image\/svg+xml;base64,PHN2ZyB3aWR0aD0iMSIgaGVpZ2h0PSIxIiB4bWxucz0iaHR0cDovL3d3dy53My5vcmcvMjAwMC9zdmciPjwvc3ZnPg==\">\n    <\/div>\n    <div class=\"col-md-8\">\n      <div class=\"card-body\">\n        <h3 class=\"card-title\">Sergejs Kuz\u0146ecovs<\/h4>\n        <p class=\"card-text\"><small class=\"text-muted\">Augst\u0101k\u0101s kategorijas treneris, v\u0101rtsargu treneris.<\/small><\/p>\n        <p class=\"card-text\"><p>Augst\u0101k\u0101 pedago\u0123isk\u0101 izgl\u012bt\u012bba. Hokeja skolas &#171;Dinamo R\u012bga&#187;, &#171;Kri\u013cja Sovetov&#187;, Mag\u0146itogorskas &#171;Metallurg&#187; audz\u0113knis. Krievijas \u010dempion\u0101ta bronzas meda\u013cnieks. Trenera darba pieredze \u2013 17 gadi. <br>Latvijas jaunatnes un nacion\u0101l\u0101s izlases v\u0101rtsargu treneris. <br>Biju\u0161ie audz\u0113k\u0146i: Gustavs D\u0101vis Grigals, Art\u016brs \u0160ilovs \u2013 NHL drafts (Vank\u016bveras \u201cCanucks\u201d)<\/p>\n      <\/div>\n    <\/div>\n  <\/div>\n<hr>\n\n\n\n<div class=\"row no-gutters\">\n    <div class=\"col-md-3\">\n      <img decoding=\"async\" data-src=\"http:\/\/kidshockey.lv\/wp-content\/uploads\/2020\/01\/AigarsKotans.jpg\" class=\"card-img lazyload\" alt=\"...\" src=\"data:image\/svg+xml;base64,PHN2ZyB3aWR0aD0iMSIgaGVpZ2h0PSIxIiB4bWxucz0iaHR0cDovL3d3dy53My5vcmcvMjAwMC9zdmciPjwvc3ZnPg==\">\n    <\/div>\n    <div class=\"col-md-8\">\n      <div class=\"card-body\">\n        <h3 class=\"card-title\">Aigars Kot\u0101ns<\/h4>\n        <p class=\"card-text\"><small class=\"text-muted\">Augst\u0101k\u0101s kategorijas treneris<\/small><\/p>\n        <p class=\"card-text\"><p>Augst\u0101k\u0101 pedago\u0123isk\u0101 izgl\u012bt\u012bba. Trenera darba pieredze \u2013 29 gadi. <br>Str\u0101d\u0101 ar Latvijas \u010dempion\u0101ta Virsl\u012bgas komandu un Latvijas U18 jaunie\u0161u izlasi. <br><\/p>\n \nSpecializ\u0101cija: Fizisk\u0101s sagatavot\u012bbas treneris, sporta uztura specialists.\n<\/p>\n      <\/div>\n    <\/div>\n  <\/div>\n<hr>\n\n\n\n<div class=\"row no-gutters\">\n    <div class=\"col-md-3\">\n      <img decoding=\"async\" data-src=\"http:\/\/kidshockey.lv\/wp-content\/uploads\/2019\/12\/KasparsKrustins.jpg\" class=\"card-img lazyload\" alt=\"...\" src=\"data:image\/svg+xml;base64,PHN2ZyB3aWR0aD0iMSIgaGVpZ2h0PSIxIiB4bWxucz0iaHR0cDovL3d3dy53My5vcmcvMjAwMC9zdmciPjwvc3ZnPg==\">\n    <\/div>\n    <div class=\"col-md-8\">\n      <div class=\"card-body\">\n        <h3 class=\"card-title\">Kaspars Krusti\u0146\u0161<\/h4>\n        <p class=\"card-text\"><small class=\"text-muted\">Jaun\u0101kais treneris<\/small><\/p>\n        <p class=\"card-text\"><p>Hokeja skolas \u201cR\u012bga\u201d un \u201cP\u0101rdaugava\u201d absolvents. Trenera darba pieredze \u2013 2 gadi.\n<p>Latvijas junioru izlases U18 un U20 dal\u012bbnieks, ziemas olimpisko sp\u0113\u013cu uzvar\u0113t\u0101js Latvijas izlases sast\u0101v\u0101\nstarp jaunie\u0161u izlas\u0113m.<\/p>\nLatvijas virsl\u012bgas \u010dempions HK Mogo sast\u0101v\u0101.<\/p>\n<p>Specializ\u0101cija: treneris, asistents.<\/p><\/p>\n      <\/div>\n    <\/div>\n  <\/div>\n\n\n\n<p><\/p>\n","protected":false},"excerpt":{"rendered":"<p>Eduards Di\u013cevka Organizators un vec\u0101kais Kidshockey.lv treneris Augst\u0101k\u0101 pedago\u0123isk\u0101 izgl\u012bt\u012bba, hokeja skolas &#171;Latvijas B\u0113rzs&#187; un &#171;Dinamo R\u012bga&#187; audz\u0113knis. Trenera pieredze &#8212; 21 gads. B\u0113rnu komandu galvenais treneris: S\u0101ga-97, R\u012bga-2006, R\u012bga-2010, R\u012bga-2014. Se\u0161k\u0101rt\u0113js Latvijas \u010dempions grup\u0101s U9, U11, U12, U13. Audz\u0113k\u0146i: Kristaps Z\u012ble, M\u0101rti\u0146\u0161 Dzierkals, Daniels B\u0113rzi\u0146\u0161. Latvijas izlases sp\u0113l\u0113t\u0101ji. Specializ\u0101cija: Treneris b\u0113rniem vecum\u0101 no 5 [&hellip;]<\/p>\n","protected":false},"author":1,"featured_media":0,"parent":0,"menu_order":0,"comment_status":"closed","ping_status":"closed","template":"","meta":{"footnotes":""},"class_list":["post-3157","page","type-page","status-publish","hentry"],"_links":{"self":[{"href":"https:\/\/kidshockey.lv\/index.php?rest_route=\/wp\/v2\/pages\/3157","targetHints":{"allow":["GET"]}}],"collection":[{"href":"https:\/\/kidshockey.lv\/index.php?rest_route=\/wp\/v2\/pages"}],"about":[{"href":"https:\/\/kidshockey.lv\/index.php?rest_route=\/wp\/v2\/types\/page"}],"author":[{"embeddable":true,"href":"https:\/\/kidshockey.lv\/index.php?rest_route=\/wp\/v2\/users\/1"}],"replies":[{"embeddable":true,"href":"https:\/\/kidshockey.lv\/index.php?rest_route=%2Fwp%2Fv2%2Fcomments&post=3157"}],"version-history":[{"count":5,"href":"https:\/\/kidshockey.lv\/index.php?rest_route=\/wp\/v2\/pages\/3157\/revisions"}],"predecessor-version":[{"id":3777,"href":"https:\/\/kidshockey.lv\/index.php?rest_route=\/wp\/v2\/pages\/3157\/revisions\/3777"}],"wp:attachment":[{"href":"https:\/\/kidshockey.lv\/index.php?rest_route=%2Fwp%2Fv2%2Fmedia&parent=3157"}],"curies":[{"name":"wp","href":"https:\/\/api.w.org\/{rel}","templated":true}]}}