{"id":3159,"date":"2023-02-06T13:59:12","date_gmt":"2023-02-06T11:59:12","guid":{"rendered":"http:\/\/kidshockey.lv\/?page_id=3159"},"modified":"2023-02-06T13:59:12","modified_gmt":"2023-02-06T11:59:12","slug":"sponsoriem","status":"publish","type":"page","link":"https:\/\/kidshockey.lv\/?page_id=3159&lang=lv","title":{"rendered":"Sponsoriem"},"content":{"rendered":"\n<p><strong>B\u016bsim pateic\u012bgi jeb k\u0101dam J\u016bsu atbalstam: <\/strong><br>&#8212; Jauns vai lietots hokeja ekip\u0113jums b\u0113rniem vecum\u0101 no 5 l\u012bdz 12 gadiem, jauni treni\u0146u un sp\u0113\u013cu krekli. <br>&#8212; Jebk\u0101ds sporta invent\u0101rs, hokeja trena\u017eieri. <br>&#8212; Telpu nodro\u0161in\u0101\u0161ana me\u0161anas treni\u0146iem R\u012bg\u0101. <br>&#8212; Pal\u012bdz\u012bba hokeja pas\u0101kumu organiz\u0101cij\u0101. <br>&#8212; Invest\u012bcijas jaun\u0101s idej\u0101s un projektos.<br>&#8212; Mums ir visi nepiecie\u0161amie dokumenti un licences.<\/p>\n\n\n\n<p><strong>Ko m\u0113s varam pied\u0101v\u0101t Jums:<\/strong> <br>&#8212; Pateic\u012bbas zi\u0146as soci\u0101lajos t\u012bklos, masu m\u0113dijos. <br>&#8212; Sponsora logotipa izvieto\u0161ana uz treni\u0146u un sp\u0113\u013cu krekliem. <br>&#8212; Baneris un sponsora produktu rekl\u0101ma m\u016bsu m\u0101jaslap\u0101. <br>&#8212; Sponsoru lok\u0101cijas izmanto\u0161ana hokeja pas\u0101kumu r\u012bko\u0161anai. <br>&#8212; Rekl\u0101mas fotogr\u0101fiju un video veido\u0161ana ar sponsora piedal\u012b\u0161anos. <br>&#8212; Sadarb\u012bba un b\u0113rnu hokeja att\u012bst\u012bba.<\/p>\n","protected":false},"excerpt":{"rendered":"<p>B\u016bsim pateic\u012bgi jeb k\u0101dam J\u016bsu atbalstam: &#8212; Jauns vai lietots hokeja ekip\u0113jums b\u0113rniem vecum\u0101 no 5 l\u012bdz 12 gadiem, jauni treni\u0146u un sp\u0113\u013cu krekli. &#8212; Jebk\u0101ds sporta invent\u0101rs, hokeja trena\u017eieri. &#8212; Telpu nodro\u0161in\u0101\u0161ana me\u0161anas treni\u0146iem R\u012bg\u0101. &#8212; Pal\u012bdz\u012bba hokeja pas\u0101kumu organiz\u0101cij\u0101. &#8212; Invest\u012bcijas jaun\u0101s idej\u0101s un projektos.&#8212; Mums ir visi nepiecie\u0161amie dokumenti un licences. Ko [&hellip;]<\/p>\n","protected":false},"author":1,"featured_media":0,"parent":0,"menu_order":0,"comment_status":"closed","ping_status":"closed","template":"","meta":{"footnotes":""},"class_list":["post-3159","page","type-page","status-publish","hentry"],"_links":{"self":[{"href":"https:\/\/kidshockey.lv\/index.php?rest_route=\/wp\/v2\/pages\/3159","targetHints":{"allow":["GET"]}}],"collection":[{"href":"https:\/\/kidshockey.lv\/index.php?rest_route=\/wp\/v2\/pages"}],"about":[{"href":"https:\/\/kidshockey.lv\/index.php?rest_route=\/wp\/v2\/types\/page"}],"author":[{"embeddable":true,"href":"https:\/\/kidshockey.lv\/index.php?rest_route=\/wp\/v2\/users\/1"}],"replies":[{"embeddable":true,"href":"https:\/\/kidshockey.lv\/index.php?rest_route=%2Fwp%2Fv2%2Fcomments&post=3159"}],"version-history":[{"count":1,"href":"https:\/\/kidshockey.lv\/index.php?rest_route=\/wp\/v2\/pages\/3159\/revisions"}],"predecessor-version":[{"id":3160,"href":"https:\/\/kidshockey.lv\/index.php?rest_route=\/wp\/v2\/pages\/3159\/revisions\/3160"}],"wp:attachment":[{"href":"https:\/\/kidshockey.lv\/index.php?rest_route=%2Fwp%2Fv2%2Fmedia&parent=3159"}],"curies":[{"name":"wp","href":"https:\/\/api.w.org\/{rel}","templated":true}]}}