{"id":3161,"date":"2023-02-06T14:05:33","date_gmt":"2023-02-06T12:05:33","guid":{"rendered":"http:\/\/kidshockey.lv\/?page_id=3161"},"modified":"2026-05-14T08:06:53","modified_gmt":"2026-05-14T06:06:53","slug":"kontakti","status":"publish","type":"page","link":"https:\/\/kidshockey.lv\/?page_id=3161&lang=lv","title":{"rendered":"Kontakti"},"content":{"rendered":"\n<p><strong>B\u0113rnu uz\u0146em\u0161ana, s\u0101kotn\u0113j\u0101s apm\u0101c\u012bbas, konsult\u0101cijas<\/strong> <br>Eduards Di\u013cevka: +37120277709, +37126714266 (WhatsApp, Viber) <br> <br><strong>Individu\u0101lie un grupu treni\u0146i laukuma sp\u0113l\u0113t\u0101jiem, treni\u0146nometnes<\/strong> <br>Eduards Di\u013cevka: +37120277709, +37126714266 (WhatsApp, Viber)<br><br><strong>Individu\u0101lie un grupu treni\u0146i v\u0101rtsargiem, treni\u0146nometnes <\/strong><br>Dmitrijs Kuzmins: +371277100087 (WhatsAp\u0440)<br><br><strong>Fizisk\u0101s sagatavot\u012bbas treni\u0146i, sporta uztura konsult\u0101cijas<\/strong> <br>Aigars Kot\u0101ns: +37129253276 (WhatsAp\u0440)<br><br><strong>Email:<\/strong> info@kidshockey.lv<\/p>\n\n\n\n<p><iframe data-src=\"https:\/\/www.google.com\/maps\/embed?pb=!1m18!1m12!1m3!1d2176.1968801767794!2d24.167018215977183!3d56.945428080889144!2m3!1f0!2f0!3f0!3m2!1i1024!2i768!4f13.1!3m3!1m2!1s0x46eece171a0edd1d%3A0xbf0f99dbe19b6424!2sVietalvas%20iela%2015%2C%20Latgales%20priek%C5%A1pils%C4%93ta%2C%20R%C4%ABga%2C%20LV-1035!5e0!3m2!1sru!2slv!4v1578842530782!5m2!1sru!2slv\" width=\"600\" height=\"200\" frameborder=\"0\" style=\"border:0;\" allowfullscreen=\"\" src=\"data:image\/svg+xml;base64,PHN2ZyB3aWR0aD0iMSIgaGVpZ2h0PSIxIiB4bWxucz0iaHR0cDovL3d3dy53My5vcmcvMjAwMC9zdmciPjwvc3ZnPg==\" class=\"lazyload\" data-load-mode=\"1\"><\/iframe><\/p>\n","protected":false},"excerpt":{"rendered":"<p>B\u0113rnu uz\u0146em\u0161ana, s\u0101kotn\u0113j\u0101s apm\u0101c\u012bbas, konsult\u0101cijas Eduards Di\u013cevka: +37120277709, +37126714266 (WhatsApp, Viber) Individu\u0101lie un grupu treni\u0146i laukuma sp\u0113l\u0113t\u0101jiem, treni\u0146nometnes Eduards Di\u013cevka: +37120277709, +37126714266 (WhatsApp, Viber) Individu\u0101lie un grupu treni\u0146i v\u0101rtsargiem, treni\u0146nometnes Dmitrijs Kuzmins: +371277100087 (WhatsAp\u0440) Fizisk\u0101s sagatavot\u012bbas treni\u0146i, sporta uztura konsult\u0101cijas Aigars Kot\u0101ns: +37129253276 (WhatsAp\u0440) Email: info@kidshockey.lv<\/p>\n","protected":false},"author":1,"featured_media":0,"parent":0,"menu_order":0,"comment_status":"closed","ping_status":"closed","template":"","meta":{"ngg_post_thumbnail":0,"footnotes":""},"class_list":["post-3161","page","type-page","status-publish","hentry"],"_links":{"self":[{"href":"https:\/\/kidshockey.lv\/index.php?rest_route=\/wp\/v2\/pages\/3161","targetHints":{"allow":["GET"]}}],"collection":[{"href":"https:\/\/kidshockey.lv\/index.php?rest_route=\/wp\/v2\/pages"}],"about":[{"href":"https:\/\/kidshockey.lv\/index.php?rest_route=\/wp\/v2\/types\/page"}],"author":[{"embeddable":true,"href":"https:\/\/kidshockey.lv\/index.php?rest_route=\/wp\/v2\/users\/1"}],"replies":[{"embeddable":true,"href":"https:\/\/kidshockey.lv\/index.php?rest_route=%2Fwp%2Fv2%2Fcomments&post=3161"}],"version-history":[{"count":2,"href":"https:\/\/kidshockey.lv\/index.php?rest_route=\/wp\/v2\/pages\/3161\/revisions"}],"predecessor-version":[{"id":3886,"href":"https:\/\/kidshockey.lv\/index.php?rest_route=\/wp\/v2\/pages\/3161\/revisions\/3886"}],"wp:attachment":[{"href":"https:\/\/kidshockey.lv\/index.php?rest_route=%2Fwp%2Fv2%2Fmedia&parent=3161"}],"curies":[{"name":"wp","href":"https:\/\/api.w.org\/{rel}","templated":true}]}}