{"id":3163,"date":"2023-02-06T14:25:41","date_gmt":"2023-02-06T12:25:41","guid":{"rendered":"http:\/\/kidshockey.lv\/?page_id=3163"},"modified":"2026-04-09T20:04:33","modified_gmt":"2026-04-09T18:04:33","slug":"tuvakie-trenini","status":"publish","type":"page","link":"https:\/\/kidshockey.lv\/?page_id=3163&lang=lv","title":{"rendered":"Tuv\u0101kie treni\u0146i"},"content":{"rendered":"\n<p><strong>TRE\u0160DIENA (8.APR\u012aLIS), JUGLAS KRASTMALA 1<\/strong><br>18.00-19.00 METIENU Z\u0100LE (metienu tehnika)<br>20.00-21.00 METIENU Z\u0100LE (metienu tehnika)<\/p>\n\n\n\n<p><strong>PIEKTDIENA (10.APR\u012aLIS), JUGLAS KRASTMALA 1<\/strong><br>20.15-21.15 METIENU Z\u0100LE (metienu tehnika)<br><br><strong>SESTDIENA (11.APR\u012aLIS), HS R\u012aGA LEDUS HALLE<\/strong><br>15.45-16.45 LEDUS (individu\u0101l\u0101 tehnika + da\u017e\u0101di metieni, \u0161\u0137\u0113lieni)<br><br><strong>SV\u0112TDIENA (12.APR\u012aLIS), HS R\u012aGA LEDUS HALLE<\/strong><br>11.45-12.45 LEDUS (individu\u0101l\u0101 tehnika + da\u017e\u0101di metieni, \u0161\u0137\u0113lieni)<br><br>Sezon\u0101 2025\/2026 treni\u0146i notiks katru ned\u0113\u013cu visas sezonas garum\u0101, profesion\u0101\u013cu un sertific\u0113tu treneru vad\u012bb\u0101. Uzman\u012bba tiek piev\u0113rsta uz vis\u0101m nepiecie\u0161amaj\u0101m hokejista \u012bpa\u0161\u012bb\u0101m: visp\u0101r\u0113ja un speci\u0101l\u0101 fizisk\u0101 sagatavot\u012bba, slido\u0161anas tehnikas prasmju att\u012bst\u012b\u0161ana, n\u016bjas tehnikas pilnveido\u0161ana, piesp\u0113\u013cu un metienu tehnikas da\u017e\u0101di vingrin\u0101jumi, divc\u012b\u0146as, un daudz kas cits. Izv\u0113laties jums piem\u0113r\u0101t\u0101ko dienu un laiku, dro\u0161i n\u0101k\u0101m izm\u0113\u0123inam, att\u012bstamies un ar katru treni\u0146u paliekam lab\u0101k. Iepriek\u0161 oblig\u0101ti pierakstamies uz nor\u0101d\u012bto tel.nr.: +37120277709 (br\u012bvo vietu skaits ierobe\u017eots).<\/p>\n","protected":false},"excerpt":{"rendered":"<p>TRE\u0160DIENA (8.APR\u012aLIS), JUGLAS KRASTMALA 118.00-19.00 METIENU Z\u0100LE (metienu tehnika)20.00-21.00 METIENU Z\u0100LE (metienu tehnika) PIEKTDIENA (10.APR\u012aLIS), JUGLAS KRASTMALA 120.15-21.15 METIENU Z\u0100LE (metienu tehnika) SESTDIENA (11.APR\u012aLIS), HS R\u012aGA LEDUS HALLE15.45-16.45 LEDUS (individu\u0101l\u0101 tehnika + da\u017e\u0101di metieni, \u0161\u0137\u0113lieni) SV\u0112TDIENA (12.APR\u012aLIS), HS R\u012aGA LEDUS HALLE11.45-12.45 LEDUS (individu\u0101l\u0101 tehnika + da\u017e\u0101di metieni, \u0161\u0137\u0113lieni) Sezon\u0101 2025\/2026 treni\u0146i notiks katru ned\u0113\u013cu visas [&hellip;]<\/p>\n","protected":false},"author":1,"featured_media":0,"parent":0,"menu_order":0,"comment_status":"closed","ping_status":"closed","template":"","meta":{"footnotes":""},"class_list":["post-3163","page","type-page","status-publish","hentry"],"_links":{"self":[{"href":"https:\/\/kidshockey.lv\/index.php?rest_route=\/wp\/v2\/pages\/3163","targetHints":{"allow":["GET"]}}],"collection":[{"href":"https:\/\/kidshockey.lv\/index.php?rest_route=\/wp\/v2\/pages"}],"about":[{"href":"https:\/\/kidshockey.lv\/index.php?rest_route=\/wp\/v2\/types\/page"}],"author":[{"embeddable":true,"href":"https:\/\/kidshockey.lv\/index.php?rest_route=\/wp\/v2\/users\/1"}],"replies":[{"embeddable":true,"href":"https:\/\/kidshockey.lv\/index.php?rest_route=%2Fwp%2Fv2%2Fcomments&post=3163"}],"version-history":[{"count":9,"href":"https:\/\/kidshockey.lv\/index.php?rest_route=\/wp\/v2\/pages\/3163\/revisions"}],"predecessor-version":[{"id":3367,"href":"https:\/\/kidshockey.lv\/index.php?rest_route=\/wp\/v2\/pages\/3163\/revisions\/3367"}],"wp:attachment":[{"href":"https:\/\/kidshockey.lv\/index.php?rest_route=%2Fwp%2Fv2%2Fmedia&parent=3163"}],"curies":[{"name":"wp","href":"https:\/\/api.w.org\/{rel}","templated":true}]}}