{"id":3165,"date":"2023-02-06T14:30:20","date_gmt":"2023-02-06T12:30:20","guid":{"rendered":"http:\/\/kidshockey.lv\/?page_id=3165"},"modified":"2023-02-06T14:30:20","modified_gmt":"2023-02-06T12:30:20","slug":"treninu-merki-un-uzdevumi","status":"publish","type":"page","link":"https:\/\/kidshockey.lv\/?page_id=3165&lang=lv","title":{"rendered":"Treni\u0146u m\u0113r\u0137i un uzdevumi"},"content":{"rendered":"\n<p>Katrai no grup\u0101m ir piemekl\u0113ti vingrin\u0101jumi t\u0101d\u0101 veid\u0101, lai \u012bs\u0101 laika period\u0101 sasniegtu maksim\u0101lo\nrezult\u0101tu. Kidshockey treneri sp\u0113j sp\u0113l\u0113t\u0101jiem saprotam\u0101 valod\u0101 past\u0101st\u012bt par \u0161\u012b vingrin\u0101juma galveno\nuzdevumu un nepiecie\u0161am\u012bbu turpm\u0101k. B\u0113rniem apm\u0101c\u012bba k\u013c\u016bst efekt\u012bva un interesanta.<\/p>\n","protected":false},"excerpt":{"rendered":"<p>Katrai no grup\u0101m ir piemekl\u0113ti vingrin\u0101jumi t\u0101d\u0101 veid\u0101, lai \u012bs\u0101 laika period\u0101 sasniegtu maksim\u0101lo rezult\u0101tu. Kidshockey treneri sp\u0113j sp\u0113l\u0113t\u0101jiem saprotam\u0101 valod\u0101 past\u0101st\u012bt par \u0161\u012b vingrin\u0101juma galveno uzdevumu un nepiecie\u0161am\u012bbu turpm\u0101k. B\u0113rniem apm\u0101c\u012bba k\u013c\u016bst efekt\u012bva un interesanta.<\/p>\n","protected":false},"author":1,"featured_media":0,"parent":0,"menu_order":0,"comment_status":"closed","ping_status":"closed","template":"","meta":{"footnotes":""},"class_list":["post-3165","page","type-page","status-publish","hentry"],"_links":{"self":[{"href":"https:\/\/kidshockey.lv\/index.php?rest_route=\/wp\/v2\/pages\/3165","targetHints":{"allow":["GET"]}}],"collection":[{"href":"https:\/\/kidshockey.lv\/index.php?rest_route=\/wp\/v2\/pages"}],"about":[{"href":"https:\/\/kidshockey.lv\/index.php?rest_route=\/wp\/v2\/types\/page"}],"author":[{"embeddable":true,"href":"https:\/\/kidshockey.lv\/index.php?rest_route=\/wp\/v2\/users\/1"}],"replies":[{"embeddable":true,"href":"https:\/\/kidshockey.lv\/index.php?rest_route=%2Fwp%2Fv2%2Fcomments&post=3165"}],"version-history":[{"count":1,"href":"https:\/\/kidshockey.lv\/index.php?rest_route=\/wp\/v2\/pages\/3165\/revisions"}],"predecessor-version":[{"id":3166,"href":"https:\/\/kidshockey.lv\/index.php?rest_route=\/wp\/v2\/pages\/3165\/revisions\/3166"}],"wp:attachment":[{"href":"https:\/\/kidshockey.lv\/index.php?rest_route=%2Fwp%2Fv2%2Fmedia&parent=3165"}],"curies":[{"name":"wp","href":"https:\/\/api.w.org\/{rel}","templated":true}]}}