{"id":3167,"date":"2023-02-06T14:35:54","date_gmt":"2023-02-06T12:35:54","guid":{"rendered":"http:\/\/kidshockey.lv\/?page_id=3167"},"modified":"2023-02-06T14:35:54","modified_gmt":"2023-02-06T12:35:54","slug":"trenini-uz-ledus","status":"publish","type":"page","link":"https:\/\/kidshockey.lv\/?page_id=3167&lang=lv","title":{"rendered":"Treni\u0146i uz ledus"},"content":{"rendered":"\n<p>Treni\u0146u laik\u0101 tiek izmantoti vingrin\u0101jumi, kuri izmanto sp\u0113les norises situ\u0101cij\u0101s:<\/p>\n\n\n\n<p>&#8212; Starta \u0101trums<br>&#8212; Slido\u0161anas pamatelementi<br>&#8212; Gr\u016bti slido\u0161anas elementi, tai skait\u0101 sp\u0113ka slido\u0161ana<br>&#8212; Kust\u012bbas ar virziena mai\u0146u<br>&#8212; M\u0101\u0146u kust\u012bbas<br>&#8212; Ripas \u0101tr\u0101 vad\u012b\u0161ana, ripas kontrole<br>&#8212; Darbs p\u0101ros, korpusa p\u0101rvald\u012b\u0161ana<br>&#8212; Da\u017e\u0101du metienu veidi<br>&#8212; Piesp\u0113\u013cu tehnika<br>&#8212; Mijiedarb\u012bba grup\u0101s<br>&#8212; C\u012b\u0146as m\u0101ksla<\/p>\n","protected":false},"excerpt":{"rendered":"<p>Treni\u0146u laik\u0101 tiek izmantoti vingrin\u0101jumi, kuri izmanto sp\u0113les norises situ\u0101cij\u0101s: &#8212; Starta \u0101trums&#8212; Slido\u0161anas pamatelementi&#8212; Gr\u016bti slido\u0161anas elementi, tai skait\u0101 sp\u0113ka slido\u0161ana&#8212; Kust\u012bbas ar virziena mai\u0146u&#8212; M\u0101\u0146u kust\u012bbas&#8212; Ripas \u0101tr\u0101 vad\u012b\u0161ana, ripas kontrole&#8212; Darbs p\u0101ros, korpusa p\u0101rvald\u012b\u0161ana&#8212; Da\u017e\u0101du metienu veidi&#8212; Piesp\u0113\u013cu tehnika&#8212; Mijiedarb\u012bba grup\u0101s&#8212; C\u012b\u0146as m\u0101ksla<\/p>\n","protected":false},"author":1,"featured_media":0,"parent":0,"menu_order":0,"comment_status":"closed","ping_status":"closed","template":"","meta":{"ngg_post_thumbnail":0,"footnotes":""},"class_list":["post-3167","page","type-page","status-publish","hentry"],"_links":{"self":[{"href":"https:\/\/kidshockey.lv\/index.php?rest_route=\/wp\/v2\/pages\/3167","targetHints":{"allow":["GET"]}}],"collection":[{"href":"https:\/\/kidshockey.lv\/index.php?rest_route=\/wp\/v2\/pages"}],"about":[{"href":"https:\/\/kidshockey.lv\/index.php?rest_route=\/wp\/v2\/types\/page"}],"author":[{"embeddable":true,"href":"https:\/\/kidshockey.lv\/index.php?rest_route=\/wp\/v2\/users\/1"}],"replies":[{"embeddable":true,"href":"https:\/\/kidshockey.lv\/index.php?rest_route=%2Fwp%2Fv2%2Fcomments&post=3167"}],"version-history":[{"count":1,"href":"https:\/\/kidshockey.lv\/index.php?rest_route=\/wp\/v2\/pages\/3167\/revisions"}],"predecessor-version":[{"id":3168,"href":"https:\/\/kidshockey.lv\/index.php?rest_route=\/wp\/v2\/pages\/3167\/revisions\/3168"}],"wp:attachment":[{"href":"https:\/\/kidshockey.lv\/index.php?rest_route=%2Fwp%2Fv2%2Fmedia&parent=3167"}],"curies":[{"name":"wp","href":"https:\/\/api.w.org\/{rel}","templated":true}]}}