{"id":3171,"date":"2023-02-06T14:46:00","date_gmt":"2023-02-06T12:46:00","guid":{"rendered":"http:\/\/kidshockey.lv\/?page_id=3171"},"modified":"2023-02-06T16:12:24","modified_gmt":"2023-02-06T14:12:24","slug":"tuvakie-turniri","status":"publish","type":"page","link":"https:\/\/kidshockey.lv\/?page_id=3171&lang=lv","title":{"rendered":"Tuv\u0101kie turn\u012bri"},"content":{"rendered":"\n<p>Kop\u0101 ar Kidshockey Select gaid\u0101m uzaicin\u0101jumu no turn\u012bra r\u012bkot\u0101jiem piedal\u012bties sacens\u012bb\u0101s. Sekojiet l\u012bdzi jaunumiem.<\/p>\n\n\n\n<p><strong>Turn\u012bra nosaukums:<\/strong> RIGA CUP 2023<br><strong>Dal\u012bbnieku vecums:<\/strong> 2007 dzim\u0161anas gads<br><strong>Datumi:<\/strong> 21-23 apr\u012blis<br><strong>Vieta:<\/strong> R\u012bga (Latvija)<br><strong>Turn\u012bra l\u012bmenis:<\/strong> \u0410\u0410A<br><strong>Rezerv\u0101cija pa telefonu:<\/strong> +37120277709<\/p>\n","protected":false},"excerpt":{"rendered":"<p>Kop\u0101 ar Kidshockey Select gaid\u0101m uzaicin\u0101jumu no turn\u012bra r\u012bkot\u0101jiem piedal\u012bties sacens\u012bb\u0101s. Sekojiet l\u012bdzi jaunumiem. Turn\u012bra nosaukums: RIGA CUP 2023Dal\u012bbnieku vecums: 2007 dzim\u0161anas gadsDatumi: 21-23 apr\u012blisVieta: R\u012bga (Latvija)Turn\u012bra l\u012bmenis: \u0410\u0410ARezerv\u0101cija pa telefonu: +37120277709<\/p>\n","protected":false},"author":1,"featured_media":0,"parent":0,"menu_order":0,"comment_status":"closed","ping_status":"closed","template":"","meta":{"footnotes":""},"class_list":["post-3171","page","type-page","status-publish","hentry"],"_links":{"self":[{"href":"https:\/\/kidshockey.lv\/index.php?rest_route=\/wp\/v2\/pages\/3171","targetHints":{"allow":["GET"]}}],"collection":[{"href":"https:\/\/kidshockey.lv\/index.php?rest_route=\/wp\/v2\/pages"}],"about":[{"href":"https:\/\/kidshockey.lv\/index.php?rest_route=\/wp\/v2\/types\/page"}],"author":[{"embeddable":true,"href":"https:\/\/kidshockey.lv\/index.php?rest_route=\/wp\/v2\/users\/1"}],"replies":[{"embeddable":true,"href":"https:\/\/kidshockey.lv\/index.php?rest_route=%2Fwp%2Fv2%2Fcomments&post=3171"}],"version-history":[{"count":2,"href":"https:\/\/kidshockey.lv\/index.php?rest_route=\/wp\/v2\/pages\/3171\/revisions"}],"predecessor-version":[{"id":3192,"href":"https:\/\/kidshockey.lv\/index.php?rest_route=\/wp\/v2\/pages\/3171\/revisions\/3192"}],"wp:attachment":[{"href":"https:\/\/kidshockey.lv\/index.php?rest_route=%2Fwp%2Fv2%2Fmedia&parent=3171"}],"curies":[{"name":"wp","href":"https:\/\/api.w.org\/{rel}","templated":true}]}}