{"id":3173,"date":"2023-02-06T14:51:20","date_gmt":"2023-02-06T12:51:20","guid":{"rendered":"http:\/\/kidshockey.lv\/?page_id=3173"},"modified":"2023-02-06T14:51:20","modified_gmt":"2023-02-06T12:51:20","slug":"turniru-merki-un-uzdevumi","status":"publish","type":"page","link":"https:\/\/kidshockey.lv\/?page_id=3173&lang=lv","title":{"rendered":"Turn\u012bru m\u0113r\u0137i un uzdevumi"},"content":{"rendered":"\n<p>Turn\u012bri komand\u0101<strong> Kidshockey Select<\/strong> ir laba iesp\u0113ja par\u0101d\u012bt sevi, iziet no komforta zonas, sp\u0113l\u0113jot da\u017e\u0101d\u0101s poz\u012bcij\u0101s ar da\u017e\u0101diem partneriem. M\u016bsdienu hokej\u0101 sp\u0113l\u0113t\u0101ja v\u0113rt\u012bba sl\u0113pjas vi\u0146auniversalit\u0101t\u0113, kas\nnoz\u012bm\u0113 sp\u0113ja sp\u0113l\u0113t da\u017e\u0101d\u0101s poz\u012bcij\u0101s.<\/p>\n\n\n\n<p>Kidshockey Select veidojas no b\u0113rnu hokeja komandu sp\u0113l\u0113t\u0101jiem ar t\u0101du pa\u0161u sagatavot\u012bbas l\u012bmeni un\nvecumu, k\u0101 ar\u012b tiek aicin\u0101ti sp\u0113l\u0113t\u0101ji no cit\u0101m valst\u012bm, kur hokejs ir \u013coti labi att\u012bst\u012bts. J\u016bsu b\u0113rna dal\u012bba\nKidshockey Select oblig\u0101ti ir j\u0101saska\u0146o ar b\u0113rna komandas galveno treneri.<\/p>\n\n\n\n<p>\u0160odien m\u0113s piedal\u0101mies AAA\/AA l\u012bme\u0146a turn\u012bros, kuri notiek Baltijas valst\u012bs, Krievij\u0101, Baltkrievij\u0101 un\nEirop\u0101, k\u0101 ar\u012b tuv\u0101kaj\u0101 laik\u0101 pl\u0101nojam r\u012bkot turn\u012brus Skandin\u0101vijas valst\u012bs, Amerik\u0101 un Kan\u0101d\u0101, sp\u0113l\u0113jot\nar stipr\u0101m AAA Elite l\u012bme\u0146a komand\u0101m, t\u0101 att\u012bstot un paaugstinot m\u016bsu sp\u0113l\u0113t\u0101ju sp\u0113les l\u012bmeni. B\u0113rniem\nun vec\u0101kiem tas ir ne tikai hokejs, bet ar\u012b iesp\u0113ja apmekl\u0113t pasaulslavenas vietas, ekskursijas un izklaides.\n\u0160\u0101das atmi\u0146as paliks uz m\u016b\u017eu!<\/p>\n","protected":false},"excerpt":{"rendered":"<p>Turn\u012bri komand\u0101 Kidshockey Select ir laba iesp\u0113ja par\u0101d\u012bt sevi, iziet no komforta zonas, sp\u0113l\u0113jot da\u017e\u0101d\u0101s poz\u012bcij\u0101s ar da\u017e\u0101diem partneriem. M\u016bsdienu hokej\u0101 sp\u0113l\u0113t\u0101ja v\u0113rt\u012bba sl\u0113pjas vi\u0146auniversalit\u0101t\u0113, kas noz\u012bm\u0113 sp\u0113ja sp\u0113l\u0113t da\u017e\u0101d\u0101s poz\u012bcij\u0101s. Kidshockey Select veidojas no b\u0113rnu hokeja komandu sp\u0113l\u0113t\u0101jiem ar t\u0101du pa\u0161u sagatavot\u012bbas l\u012bmeni un vecumu, k\u0101 ar\u012b tiek aicin\u0101ti sp\u0113l\u0113t\u0101ji no cit\u0101m valst\u012bm, kur [&hellip;]<\/p>\n","protected":false},"author":1,"featured_media":0,"parent":0,"menu_order":0,"comment_status":"closed","ping_status":"closed","template":"","meta":{"ngg_post_thumbnail":0,"footnotes":""},"class_list":["post-3173","page","type-page","status-publish","hentry"],"_links":{"self":[{"href":"https:\/\/kidshockey.lv\/index.php?rest_route=\/wp\/v2\/pages\/3173","targetHints":{"allow":["GET"]}}],"collection":[{"href":"https:\/\/kidshockey.lv\/index.php?rest_route=\/wp\/v2\/pages"}],"about":[{"href":"https:\/\/kidshockey.lv\/index.php?rest_route=\/wp\/v2\/types\/page"}],"author":[{"embeddable":true,"href":"https:\/\/kidshockey.lv\/index.php?rest_route=\/wp\/v2\/users\/1"}],"replies":[{"embeddable":true,"href":"https:\/\/kidshockey.lv\/index.php?rest_route=%2Fwp%2Fv2%2Fcomments&post=3173"}],"version-history":[{"count":1,"href":"https:\/\/kidshockey.lv\/index.php?rest_route=\/wp\/v2\/pages\/3173\/revisions"}],"predecessor-version":[{"id":3174,"href":"https:\/\/kidshockey.lv\/index.php?rest_route=\/wp\/v2\/pages\/3173\/revisions\/3174"}],"wp:attachment":[{"href":"https:\/\/kidshockey.lv\/index.php?rest_route=%2Fwp%2Fv2%2Fmedia&parent=3173"}],"curies":[{"name":"wp","href":"https:\/\/api.w.org\/{rel}","templated":true}]}}