{"id":3177,"date":"2023-02-06T15:02:44","date_gmt":"2023-02-06T13:02:44","guid":{"rendered":"http:\/\/kidshockey.lv\/?page_id=3177"},"modified":"2023-02-06T15:02:44","modified_gmt":"2023-02-06T13:02:44","slug":"treninnometnu-merki-un-uzdevumi","status":"publish","type":"page","link":"https:\/\/kidshockey.lv\/?page_id=3177&lang=lv","title":{"rendered":"Treni\u0146nomet\u0146u m\u0113r\u0137i un uzdevumi"},"content":{"rendered":"\n<p>Sporta treni\u0146nometnes nepiecie\u0161amas, lai b\u0113rns var\u0113tu sevi piln\u012bb\u0101 velt\u012bt sportam.<\/p>\n\n\n\n<p>Tam ar\u012b ir nepiecie\u0161amas \u0161\u0101das nometnes, kur\u0101s jaunie sportisti var piev\u0113rst uzman\u012bbu treni\u0146u procesam,\ndiscipl\u012bnai un patst\u0101v\u012bbai.<\/p>\n\n\n\n<p>Kidshockey.lv organiz\u0113 \u0161\u0101das nometnes b\u0113rniem tr\u012bs reizes gad\u0101 \u2013 vasar\u0101, ruden\u012b un ziem\u0101. Galvenok\u0101rt,\nkad b\u0113rniem skol\u0101 ir br\u012bvlaiks.<\/p>\n\n\n\n<p>Kidshockey.lv treni\u0146nometnes ir liels ieguld\u012bjums b\u0113rna att\u012bst\u012bb\u0101 \u012bs\u0101 laika period\u0101. Treni\u0146u bie\u017eumu\nizstr\u0101d\u0101 treneris. Tas notiek individu\u0101li katrai b\u0113rnu grupai, \u0146emot v\u0113r\u0101 b\u0113rnu vecumu un sp\u0113l\u0113t\u0101ja\nsagatavot\u012bbu.<\/p>\n\n\n\n<p><strong>KAD IR PIEN\u0100CIS LAIKS BRAUKT UZ KIDSHOCKEY TRENI\u0145NOMETNI?<\/strong><\/p>\n\n\n\n<p>Pavisam nav svar\u012bgi, vai J\u016bs esat jauni\u0146ais vai sportists ar pieredzi, \u0161\u0101das treni\u0146nometnes pal\u012bdz\u0113s jeb\nkur\u0101 gad\u012bjum\u0101.<\/p>\n\n\n\n<p>M\u0113s pied\u0101v\u0101jam Jums komandu ar pieredz\u0113ju\u0161iem treneriem un ekskluz\u012bvas sp\u0113l\u0113t\u0101ju meistarklases Jaunie\u0161u hokeja l\u012bgas un KHL l\u012bmen\u012b.<\/p>\n\n\n\n<p>Hokejistam, kur\u0161 v\u0113las sasniegt augstus rezult\u0101tus, j\u0101saprot, ka rezult\u0101ts tiek sasniegts tren\u0113joties akt\u012bvi un\nregul\u0101ri. T\u0101du treni\u0146procesu varam pied\u0101v\u0101t Kidshockey.lv hokeja nometn\u0113.<\/p>\n\n\n\n<p>M\u016bsu treni\u0146nometne ir p\u0101rdom\u0101ts vingrin\u0101jumu un treni\u0146u kurss, kura m\u0113r\u0137is ir att\u012bst\u012bt raksturu, nosl\u012bp\u0113t prasmes, apg\u016bt jaunas tehnikas, kas rezult\u0101t\u0101 dos priek\u0161roc\u012bbas p\u0101r citiem sp\u0113l\u0113t\u0101jiem.<\/p>\n\n\n\n<p>Fizisko formu atbalsta sabalans\u0113ts treni\u0146u, uztura un atp\u016btas re\u017e\u012bms, kas, protams, ietekm\u0113 jaun\u0101 sportista\nsasniegumus. \u0160is ir viens no Kidshockey.lv veiksmes nosl\u0113pumiem!<\/p>\n\n\n\n<p>Kidshockey.lv treni\u0146nometne ir ne tikai treni\u0146u process, bet ar\u012b interesanti un izklaid\u0113jo\u0161i pas\u0101kumi (galda tenisa mini turn\u012bri, pludmales volejbols, galda sp\u0113les, diena R\u012bgas j\u016brmal\u0101)<\/p>\n\n\n\n<p>M\u016bsu nometne ar \u012bpa\u0161o Kidshockey.lv programmu ir lieliska iesp\u0113ja spert soli uz priek\u0161u b\u0113rna meistar\u012bb\u0101, zin\u0101\u0161an\u0101s un sp\u0113j\u0101s.<\/p>\n","protected":false},"excerpt":{"rendered":"<p>Sporta treni\u0146nometnes nepiecie\u0161amas, lai b\u0113rns var\u0113tu sevi piln\u012bb\u0101 velt\u012bt sportam. Tam ar\u012b ir nepiecie\u0161amas \u0161\u0101das nometnes, kur\u0101s jaunie sportisti var piev\u0113rst uzman\u012bbu treni\u0146u procesam, discipl\u012bnai un patst\u0101v\u012bbai. Kidshockey.lv organiz\u0113 \u0161\u0101das nometnes b\u0113rniem tr\u012bs reizes gad\u0101 \u2013 vasar\u0101, ruden\u012b un ziem\u0101. Galvenok\u0101rt, kad b\u0113rniem skol\u0101 ir br\u012bvlaiks. Kidshockey.lv treni\u0146nometnes ir liels ieguld\u012bjums b\u0113rna att\u012bst\u012bb\u0101 \u012bs\u0101 laika [&hellip;]<\/p>\n","protected":false},"author":1,"featured_media":0,"parent":0,"menu_order":0,"comment_status":"closed","ping_status":"closed","template":"","meta":{"footnotes":""},"class_list":["post-3177","page","type-page","status-publish","hentry"],"_links":{"self":[{"href":"https:\/\/kidshockey.lv\/index.php?rest_route=\/wp\/v2\/pages\/3177","targetHints":{"allow":["GET"]}}],"collection":[{"href":"https:\/\/kidshockey.lv\/index.php?rest_route=\/wp\/v2\/pages"}],"about":[{"href":"https:\/\/kidshockey.lv\/index.php?rest_route=\/wp\/v2\/types\/page"}],"author":[{"embeddable":true,"href":"https:\/\/kidshockey.lv\/index.php?rest_route=\/wp\/v2\/users\/1"}],"replies":[{"embeddable":true,"href":"https:\/\/kidshockey.lv\/index.php?rest_route=%2Fwp%2Fv2%2Fcomments&post=3177"}],"version-history":[{"count":1,"href":"https:\/\/kidshockey.lv\/index.php?rest_route=\/wp\/v2\/pages\/3177\/revisions"}],"predecessor-version":[{"id":3178,"href":"https:\/\/kidshockey.lv\/index.php?rest_route=\/wp\/v2\/pages\/3177\/revisions\/3178"}],"wp:attachment":[{"href":"https:\/\/kidshockey.lv\/index.php?rest_route=%2Fwp%2Fv2%2Fmedia&parent=3177"}],"curies":[{"name":"wp","href":"https:\/\/api.w.org\/{rel}","templated":true}]}}