{"id":3712,"date":"2023-02-06T13:51:53","date_gmt":"2023-02-06T11:51:53","guid":{"rendered":"https:\/\/kidshockey.lv\/?page_id=3712"},"modified":"2026-04-09T08:47:47","modified_gmt":"2026-04-09T06:47:47","slug":"coaches","status":"publish","type":"page","link":"https:\/\/kidshockey.lv\/?page_id=3712&lang=en","title":{"rendered":"Coaches"},"content":{"rendered":"\n<div class=\"row no-gutters\">\n    <div class=\"col-md-3\">\n      <img decoding=\"async\" data-src=\"http:\/\/kidshockey.lv\/wp-content\/uploads\/2019\/12\/EduardsDilevka.jpg\" class=\"card-img lazyload\" alt=\"...\" src=\"data:image\/svg+xml;base64,PHN2ZyB3aWR0aD0iMSIgaGVpZ2h0PSIxIiB4bWxucz0iaHR0cDovL3d3dy53My5vcmcvMjAwMC9zdmciPjwvc3ZnPg==\">\n    <\/div>\n    <div class=\"col-md-8\">\n      <div class=\"card-body\">\n        <h3 class=\"card-title\">Eduards Di\u013cevka<\/h4>\n        <p class=\"card-text\"><small class=\"text-muted\">Organizer and senior Kidshockey.lv coach<\/small><\/p>\n        <p class=\"card-text\"><p>Higher pedagogical education, graduate of the hockey schools &#171;Latvijas B\u0113rzs&#187; and &#171;Dinamo R\u012bga&#187;. Coaching experience \u2013 21 years.\nHead coach of children&#8217;s teams: Saga-97, Riga-2006, Riga-2010, Riga-2014.\nSix-time Latvian champion in groups U9, U11, U12, U13.<\/p>\n\nFormer students: Kristaps Z\u012ble, M\u0101rti\u0146\u0161 Dzierkals, Daniels B\u0113rzi\u0146\u0161 \u2013 all &#171;Dinamo R\u012bga&#187; (KHL) and\nLatvian national team players.\n<p class=\"card-text\">Specialization: Coach for children aged 5 to 12.<\/p><\/p>\n      <\/div>\n    <\/div>\n  <\/div>\n<hr>\n\n\n\n<div class=\"row no-gutters\">\n    <div class=\"col-md-3\">\n      <img decoding=\"async\" data-src=\"http:\/\/kidshockey.lv\/wp-content\/uploads\/2020\/02\/raivo2.jpg\" class=\"card-img lazyload\" alt=\"...\" src=\"data:image\/svg+xml;base64,PHN2ZyB3aWR0aD0iMSIgaGVpZ2h0PSIxIiB4bWxucz0iaHR0cDovL3d3dy53My5vcmcvMjAwMC9zdmciPjwvc3ZnPg==\">\n    <\/div>\n    <div class=\"col-md-8\">\n      <div class=\"card-body\">\n        <h3 class=\"card-title\">Raivo \u0160trauss<\/h4>\n        <p class=\"card-text\"><small class=\"text-muted\">Kidshockey.lv sports organizer, manager<\/small><\/p>\n        <p class=\"card-text\"><p>7 years of work experience.<\/p>\n      <\/div>\n    <\/div>\n  <\/div>\n<hr>\n\n\n\n<div class=\"row no-gutters\">\n    <div class=\"col-md-3\">\n      <img decoding=\"async\" data-src=\"http:\/\/kidshockey.lv\/wp-content\/uploads\/2024\/10\/IMG_5040.jpg\" class=\"card-img lazyload\" alt=\"...\" src=\"data:image\/svg+xml;base64,PHN2ZyB3aWR0aD0iMSIgaGVpZ2h0PSIxIiB4bWxucz0iaHR0cDovL3d3dy53My5vcmcvMjAwMC9zdmciPjwvc3ZnPg==\">\n    <\/div>\n    <div class=\"col-md-8\">\n      <div class=\"card-body\">\n        <h3 class=\"card-title\">Daniils Ignatjevs<\/h4>\n        <p class=\"card-text\"><small class=\"text-muted\">Skating technique coach<\/small><\/p>\n        <p class=\"card-text\"><p>Higher pedagogical education. Annual Kidhockey summer training camp participant-coach.\n<br>Work experience in hockey \u2013 19 years. Specialist in teaching and improving skating fundamentals for both\nchildren and players at the Youth Hockey League and KHL level.<\/p>\n<p class=\"card-text\"><\/p>\n      <\/div>\n    <\/div>\n  <\/div>\n<hr>\n\n\n\n<div class=\"row no-gutters\">\n    <div class=\"col-md-3\">\n      <img decoding=\"async\" data-src=\"http:\/\/kidshockey.lv\/wp-content\/uploads\/2019\/12\/IgorSmirnov.jpg\" class=\"card-img lazyload\" alt=\"...\" src=\"data:image\/svg+xml;base64,PHN2ZyB3aWR0aD0iMSIgaGVpZ2h0PSIxIiB4bWxucz0iaHR0cDovL3d3dy53My5vcmcvMjAwMC9zdmciPjwvc3ZnPg==\">\n    <\/div>\n    <div class=\"col-md-8\">\n      <div class=\"card-body\">\n        <h3 class=\"card-title\">Igors Smirnovs<\/h4>\n        <p class=\"card-text\"><small class=\"text-muted\">Top-category coach<\/small><\/p>\n        <p class=\"card-text\"><p>Higher pedagogical education, graduate of the &#171;Dinamo R\u012bga&#187; hockey school. Coaching experience \u2013 30 years. <br>Head coach and Latvian Premier League champion HK Mogo, head coach of the Latvian U20 junior national team.<\/p>\n\nFormer students: Deniss Smirnovs (Geneva \u2013 Servette), Em\u012bls \u0122\u0113\u0123eris (Dinamo R\u012bga) \u2013 Latvian national team\nplayers.\n<p>Specialization: stick handling, passing and shooting technique coach.<\/p><\/p>\n      <\/div>\n    <\/div>\n  <\/div>\n<hr>\n\n\n\n<div class=\"row no-gutters\">\n    <div class=\"col-md-3\">\n      <img decoding=\"async\" data-src=\"http:\/\/kidshockey.lv\/wp-content\/uploads\/2019\/12\/AndrejIgnatovic.jpg\" class=\"card-img lazyload\" alt=\"...\" src=\"data:image\/svg+xml;base64,PHN2ZyB3aWR0aD0iMSIgaGVpZ2h0PSIxIiB4bWxucz0iaHR0cDovL3d3dy53My5vcmcvMjAwMC9zdmciPjwvc3ZnPg==\">\n    <\/div>\n    <div class=\"col-md-8\">\n      <div class=\"card-body\">\n        <h3 class=\"card-title\">Andrejs Ignatovi\u010ds<\/h4>\n        <p class=\"card-text\"><small class=\"text-muted\">Top-category coach<\/small><\/p>\n        <p class=\"card-text\"><p>Multiple-time participant in World Championships as part of the Latvian national team. Coaching experience \u2013 10 years. <br>Head coach of HK &quot;Kurbads&quot; in the Latvian Premier League, assistant for Latvian U16, U17, U18 youth national teams.<\/p>\n\nFormer students: Oskars Bat\u0146a, Frenks Razgals \u2013 &#171;Dinamo R\u012bga&#187; players. J\u0101nis Jaks, Rihards Bukarts &#8212;\ncandidates and players of the Latvian national team.\n<p>Specialization: stick handling, passing and shooting technique coach.<\/p><\/p>\n      <\/div>\n    <\/div>\n  <\/div>\n<hr>\n\n\n\n<div class=\"row no-gutters\">\n    <div class=\"col-md-3\">\n      <img decoding=\"async\" data-src=\"http:\/\/kidshockey.lv\/wp-content\/uploads\/2020\/02\/IMG_9159.jpg\" class=\"card-img lazyload\" alt=\"...\" src=\"data:image\/svg+xml;base64,PHN2ZyB3aWR0aD0iMSIgaGVpZ2h0PSIxIiB4bWxucz0iaHR0cDovL3d3dy53My5vcmcvMjAwMC9zdmciPjwvc3ZnPg==\">\n    <\/div>\n    <div class=\"col-md-8\">\n      <div class=\"card-body\">\n        <h3 class=\"card-title\">Edgars Adamovi\u010ds<\/h4>\n        <p class=\"card-text\"><small class=\"text-muted\">Senior age Kidshockey.lv Select coach<\/small><\/p>\n        <p class=\"card-text\"><p><\/p>\n      <\/div>\n    <\/div>\n  <\/div>\n<hr>\n\n\n\n<div class=\"row no-gutters\">\n    <div class=\"col-md-3\">\n      <img decoding=\"async\" data-src=\"http:\/\/kidshockey.lv\/wp-content\/uploads\/2020\/01\/0RK6155-scaled.jpg\" class=\"card-img lazyload\" alt=\"...\" src=\"data:image\/svg+xml;base64,PHN2ZyB3aWR0aD0iMSIgaGVpZ2h0PSIxIiB4bWxucz0iaHR0cDovL3d3dy53My5vcmcvMjAwMC9zdmciPjwvc3ZnPg==\">\n    <\/div>\n    <div class=\"col-md-8\">\n      <div class=\"card-body\">\n        <h3 class=\"card-title\">Vadims Deht\u0113vi\u010ds<\/h4>\n        <p class=\"card-text\"><small class=\"text-muted\">Initial training coach, Kidshockey.lv Select junior coach<\/small><\/p>\n        <p class=\"card-text\"><p>Licensed hockey coach for children aged 4 to 7. <br>Stretching coach (training under the &#171;Functional, fascial training&#187; program) <br>Equipment consultant for beginners. <br>Work experience \u2013 3 years.<\/p>\n\nManager\/Coach Kidshockey Select.\n<\/p>\n      <\/div>\n    <\/div>\n  <\/div>\n<hr>\n\n\n\n<div class=\"row no-gutters\">\n    <div class=\"col-md-3\">\n      <img decoding=\"async\" data-src=\"http:\/\/kidshockey.lv\/wp-content\/uploads\/2020\/02\/DSC0383.jpg\" class=\"card-img lazyload\" alt=\"...\" src=\"data:image\/svg+xml;base64,PHN2ZyB3aWR0aD0iMSIgaGVpZ2h0PSIxIiB4bWxucz0iaHR0cDovL3d3dy53My5vcmcvMjAwMC9zdmciPjwvc3ZnPg==\">\n    <\/div>\n    <div class=\"col-md-8\">\n      <div class=\"card-body\">\n        <h3 class=\"card-title\">Sergejs Kuz\u0146ecovs<\/h4>\n        <p class=\"card-text\"><small class=\"text-muted\">Top-category coach, goaltender coach.<\/small><\/p>\n        <p class=\"card-text\"><p>Higher pedagogical education. Graduate of the hockey schools &#171;Dinamo R\u012bga&#187;, &#171;Krylya Sovetov&#187;, Magnitogorsk &#171;Metallurg&#187;. Bronze medalist of the Russian championship. Coaching experience \u2013 17 years. <br>Goaltender coach for the Latvian youth and national teams. <br>Former students: Gustavs D\u0101vis Grigals, Art\u016brs \u0160ilovs \u2013 NHL draft (Vancouver &#171;Canucks&#187;)<\/p>\n      <\/div>\n    <\/div>\n  <\/div>\n<hr>\n\n\n\n<div class=\"row no-gutters\">\n    <div class=\"col-md-3\">\n      <img decoding=\"async\" data-src=\"http:\/\/kidshockey.lv\/wp-content\/uploads\/2020\/01\/AigarsKotans.jpg\" class=\"card-img lazyload\" alt=\"...\" src=\"data:image\/svg+xml;base64,PHN2ZyB3aWR0aD0iMSIgaGVpZ2h0PSIxIiB4bWxucz0iaHR0cDovL3d3dy53My5vcmcvMjAwMC9zdmciPjwvc3ZnPg==\">\n    <\/div>\n    <div class=\"col-md-8\">\n      <div class=\"card-body\">\n        <h3 class=\"card-title\">Aigars Kot\u0101ns<\/h4>\n        <p class=\"card-text\"><small class=\"text-muted\">Top-category coach<\/small><\/p>\n        <p class=\"card-text\"><p>Higher pedagogical education. Coaching experience \u2013 29 years. <br>Works with the Latvian Premier League team and the Latvian U18 youth national team. <br><\/p>\n\nSpecialization: Physical preparation coach, sports nutrition specialist.\n<\/p>\n      <\/div>\n    <\/div>\n  <\/div>\n<hr>\n\n\n\n<div class=\"row no-gutters\">\n    <div class=\"col-md-3\">\n      <img decoding=\"async\" data-src=\"http:\/\/kidshockey.lv\/wp-content\/uploads\/2019\/12\/KasparsKrustins.jpg\" class=\"card-img lazyload\" alt=\"...\" src=\"data:image\/svg+xml;base64,PHN2ZyB3aWR0aD0iMSIgaGVpZ2h0PSIxIiB4bWxucz0iaHR0cDovL3d3dy53My5vcmcvMjAwMC9zdmciPjwvc3ZnPg==\">\n    <\/div>\n    <div class=\"col-md-8\">\n      <div class=\"card-body\">\n        <h3 class=\"card-title\">Kaspars Krusti\u0146\u0161<\/h4>\n        <p class=\"card-text\"><small class=\"text-muted\">Junior coach<\/small><\/p>\n        <p class=\"card-text\"><p>Graduate of the &#171;Riga&#187; and &#171;P\u0101rdaugava&#187; hockey schools. Coaching experience \u2013 2 years.\n<p>Member of the Latvian U18 and U20 junior national teams, winner of the Winter Olympic Games among youth national teams as part of the Latvian team.<\/p>\nLatvian Premier League champion as part of HK Mogo.<\/p>\n<p>Specialization: coach, assistant.<\/p><\/p>\n      <\/div>\n    <\/div>\n  <\/div>\n","protected":false},"excerpt":{"rendered":"<p>Eduards Di\u013cevka Organizer and senior Kidshockey.lv coach Higher pedagogical education, graduate of the hockey schools &#171;Latvijas B\u0113rzs&#187; and &#171;Dinamo R\u012bga&#187;. Coaching experience \u2013 21 years. Head coach of children&#8217;s teams: Saga-97, Riga-2006, Riga-2010, Riga-2014. Six-time Latvian champion in groups U9, U11, U12, U13. Former students: Kristaps Z\u012ble, M\u0101rti\u0146\u0161 Dzierkals, Daniels B\u0113rzi\u0146\u0161 \u2013 all &#171;Dinamo R\u012bga&#187; [&hellip;]<\/p>\n","protected":false},"author":1,"featured_media":0,"parent":0,"menu_order":0,"comment_status":"closed","ping_status":"closed","template":"","meta":{"footnotes":""},"class_list":["post-3712","page","type-page","status-publish","hentry"],"_links":{"self":[{"href":"https:\/\/kidshockey.lv\/index.php?rest_route=\/wp\/v2\/pages\/3712","targetHints":{"allow":["GET"]}}],"collection":[{"href":"https:\/\/kidshockey.lv\/index.php?rest_route=\/wp\/v2\/pages"}],"about":[{"href":"https:\/\/kidshockey.lv\/index.php?rest_route=\/wp\/v2\/types\/page"}],"author":[{"embeddable":true,"href":"https:\/\/kidshockey.lv\/index.php?rest_route=\/wp\/v2\/users\/1"}],"replies":[{"embeddable":true,"href":"https:\/\/kidshockey.lv\/index.php?rest_route=%2Fwp%2Fv2%2Fcomments&post=3712"}],"version-history":[{"count":0,"href":"https:\/\/kidshockey.lv\/index.php?rest_route=\/wp\/v2\/pages\/3712\/revisions"}],"wp:attachment":[{"href":"https:\/\/kidshockey.lv\/index.php?rest_route=%2Fwp%2Fv2%2Fmedia&parent=3712"}],"curies":[{"name":"wp","href":"https:\/\/api.w.org\/{rel}","templated":true}]}}