{"id":3714,"date":"2023-02-06T14:05:33","date_gmt":"2023-02-06T12:05:33","guid":{"rendered":"https:\/\/kidshockey.lv\/?page_id=3714"},"modified":"2026-04-09T08:47:47","modified_gmt":"2026-04-09T06:47:47","slug":"contacts","status":"publish","type":"page","link":"https:\/\/kidshockey.lv\/?page_id=3714&lang=en","title":{"rendered":"Contacts"},"content":{"rendered":"\n<p><strong>Children enrollment, initial training, consultations<\/strong> <br>Eduards Di\u013cevka: +371 26714266 (WhatsApp, Viber)  <br> <br><strong>Individual and group training for field players, training camps<\/strong> <br>Eduards Di\u013cevka: +371 26714266 (WhatsApp, Viber)<br><br><strong>Individual and group training for goaltenders, training camps <\/strong><br>Sergejs Kuz\u0146ecovs: +371 26011538 (WhatsApp)<br><br><strong>Tournaments &#171;Kidshockey Select&#187;<\/strong> <br>Senior groups \u2013 Edgars Adamovi\u010ds: +371 27005133 (WhatsApp)<br>Junior groups \u2013 Vadims Deht\u0113vi\u010ds: +371 29802007 (WhatsApp)<br><br><strong>Physical preparation training, sports nutrition consultations<\/strong> <br>Aigars Kot\u0101ns: +371 29253276 (WhatsApp)<br><br><strong>Email:<\/strong> info@kidshockey.lv <\/p>\n\n\n\n<p><iframe data-src=\"https:\/\/www.google.com\/maps\/embed?pb=!1m18!1m12!1m3!1d2176.1968801767794!2d24.167018215977183!3d56.945428080889144!2m3!1f0!2f0!3f0!3m2!1i1024!2i768!4f13.1!3m3!1m2!1s0x46eece171a0edd1d%3A0xbf0f99dbe19b6424!2sVietalvas%20iela%2015%2C%20Latgales%20priek%C5%A1pils%C4%93ta%2C%20R%C4%ABga%2C%20LV-1035!5e0!3m2!1sru!2slv!4v1578842530782!5m2!1sru!2slv\" width=\"600\" height=\"200\" frameborder=\"0\" style=\"border:0;\" allowfullscreen=\"\" src=\"data:image\/svg+xml;base64,PHN2ZyB3aWR0aD0iMSIgaGVpZ2h0PSIxIiB4bWxucz0iaHR0cDovL3d3dy53My5vcmcvMjAwMC9zdmciPjwvc3ZnPg==\" class=\"lazyload\" data-load-mode=\"1\"><\/iframe><\/p>\n","protected":false},"excerpt":{"rendered":"<p>Children enrollment, initial training, consultations Eduards Di\u013cevka: +371 26714266 (WhatsApp, Viber) Individual and group training for field players, training camps Eduards Di\u013cevka: +371 26714266 (WhatsApp, Viber) Individual and group training for goaltenders, training camps Sergejs Kuz\u0146ecovs: +371 26011538 (WhatsApp) Tournaments &#171;Kidshockey Select&#187; Senior groups \u2013 Edgars Adamovi\u010ds: +371 27005133 (WhatsApp)Junior groups \u2013 Vadims Deht\u0113vi\u010ds: +371 [&hellip;]<\/p>\n","protected":false},"author":1,"featured_media":0,"parent":0,"menu_order":0,"comment_status":"closed","ping_status":"closed","template":"","meta":{"footnotes":""},"class_list":["post-3714","page","type-page","status-publish","hentry"],"_links":{"self":[{"href":"https:\/\/kidshockey.lv\/index.php?rest_route=\/wp\/v2\/pages\/3714","targetHints":{"allow":["GET"]}}],"collection":[{"href":"https:\/\/kidshockey.lv\/index.php?rest_route=\/wp\/v2\/pages"}],"about":[{"href":"https:\/\/kidshockey.lv\/index.php?rest_route=\/wp\/v2\/types\/page"}],"author":[{"embeddable":true,"href":"https:\/\/kidshockey.lv\/index.php?rest_route=\/wp\/v2\/users\/1"}],"replies":[{"embeddable":true,"href":"https:\/\/kidshockey.lv\/index.php?rest_route=%2Fwp%2Fv2%2Fcomments&post=3714"}],"version-history":[{"count":0,"href":"https:\/\/kidshockey.lv\/index.php?rest_route=\/wp\/v2\/pages\/3714\/revisions"}],"wp:attachment":[{"href":"https:\/\/kidshockey.lv\/index.php?rest_route=%2Fwp%2Fv2%2Fmedia&parent=3714"}],"curies":[{"name":"wp","href":"https:\/\/api.w.org\/{rel}","templated":true}]}}